{"id":1731,"date":"2021-12-22T09:19:54","date_gmt":"2021-12-22T14:19:54","guid":{"rendered":"https:\/\/kid-guru.com\/?post_type=product&#038;p=1731"},"modified":"2022-08-24T09:29:43","modified_gmt":"2022-08-24T14:29:43","slug":"effective-communication-master-class","status":"publish","type":"product","link":"https:\/\/kid-guru.com\/es\/producto\/effective-communication-master-class\/","title":{"rendered":"Comunicaci\u00f3n Efectiva - Master Class"},"content":{"rendered":"","protected":false},"excerpt":{"rendered":"<p><strong>Te gustar\u00eda relacionarte con tus hijos en una manera en que mutuamente se entiendan y se comuniquen sin gritos, rega\u00f1os, enojos, amenazas y otras reacciones que causan conflicto y dolor.\u00a0\u00a0\u00a0<\/strong><\/p>\n<p>Este curso te ayudar\u00e1 a:<\/p>\n<ol>\n<li>Reducir el conflicto familiar en tu casa causado por la mala comunicaci\u00f3n y en su lugar aprender\u00e1s a crear relaciones m\u00e1s sanas y empoderantes en sus relaciones.<\/li>\n<li>Conocer y practicar la comunicaci\u00f3n NO VIOLENTA.<\/li>\n<li>Conocer y utilizar palabras que empoderen y lleven mensajes con prop\u00f3sito en vez de palabras da\u00f1en a tus hijos por vida<\/li>\n<li>Aprender a crear confianza y conexi\u00f3n con tus hijos por medio de la comunicaci\u00f3n<\/li>\n<li>Aprender c\u00f3mo decir las cosas directamente para tener el efecto que buscas<\/li>\n<li>Aprender el poder del silencio<\/li>\n<li>Aprender a ayudar a tus hijos a desarrollar creencias positivas de ellos mismos y emp\u00fajalos a sentirse valiosos<\/li>\n<li>Aprender como la empat\u00eda facilita el dialogo efectivo<\/li>\n<li>Escuchar la comunicaci\u00f3n consciente e inconsciente que tienes contigo misma, tu juez interior.<\/li>\n<\/ol>\n<p>Lo importante es concientizar y tener una perspectiva m\u00e1s efectiva, el cambio viene de adentro, es un trabajo interno de nuestro pensamiento m\u00e1s profundo, donde se hacen las decisiones verdaderas.<\/p>\n<p>Recuerden, el que est\u00e9n aqu\u00ed escuchando como mejorar ya los hace perfectos.<\/p>\n<p>Somos padres en proceso y seguiremos siendo, no hay meta final.<\/p>\n<p><strong>La comunicaci\u00f3n consciente y efectiva es la ra\u00edz de todas las relaciones sanas, es la masa del pan, es el agua en la ra\u00edz que inician el crecimiento de las semillas, poco a poco.<\/strong><\/p>","protected":false},"featured_media":1732,"comment_status":"open","ping_status":"closed","template":"","meta":[],"product_cat":[26],"product_tag":[],"class_list":["post-1731","product","type-product","status-publish","has-post-thumbnail","hentry","product_cat-master-class"],"_links":{"self":[{"href":"https:\/\/kid-guru.com\/es\/wp-json\/wp\/v2\/product\/1731","targetHints":{"allow":["GET"]}}],"collection":[{"href":"https:\/\/kid-guru.com\/es\/wp-json\/wp\/v2\/product"}],"about":[{"href":"https:\/\/kid-guru.com\/es\/wp-json\/wp\/v2\/types\/product"}],"replies":[{"embeddable":true,"href":"https:\/\/kid-guru.com\/es\/wp-json\/wp\/v2\/comments?post=1731"}],"wp:featuredmedia":[{"embeddable":true,"href":"https:\/\/kid-guru.com\/es\/wp-json\/wp\/v2\/media\/1732"}],"wp:attachment":[{"href":"https:\/\/kid-guru.com\/es\/wp-json\/wp\/v2\/media?parent=1731"}],"wp:term":[{"taxonomy":"product_cat","embeddable":true,"href":"https:\/\/kid-guru.com\/es\/wp-json\/wp\/v2\/product_cat?post=1731"},{"taxonomy":"product_tag","embeddable":true,"href":"https:\/\/kid-guru.com\/es\/wp-json\/wp\/v2\/product_tag?post=1731"}],"curies":[{"name":"wp","href":"https:\/\/api.w.org\/{rel}","templated":true}]}}