{"id":1747,"date":"2021-12-22T10:24:32","date_gmt":"2021-12-22T15:24:32","guid":{"rendered":"https:\/\/kid-guru.com\/?post_type=product&#038;p=1747"},"modified":"2022-08-24T09:29:59","modified_gmt":"2022-08-24T14:29:59","slug":"effective-parenting-method-master-class","status":"publish","type":"product","link":"https:\/\/kid-guru.com\/es\/producto\/effective-parenting-method-master-class\/","title":{"rendered":"M\u00e9todo de Crianza Efectiva - Master Class"},"content":{"rendered":"","protected":false},"excerpt":{"rendered":"<p><strong>\u00bfLe gustar\u00eda saber c\u00f3mo ser un padre efectivo, pr\u00e1ctico, confiado y plantear a los ni\u00f1os responsables y cari\u00f1osos? <\/strong><\/p>\n<p>\u00bfCu\u00e1ntas veces hemos escuchado que deber\u00eda haber una gu\u00eda sobre c\u00f3mo ser padre?<\/p>\n<p>Bueno, no hay hijos perfectos o ni\u00f1os perfectos, pero definitivamente hay una manera mejor, m\u00e1s efectiva de estar preparado para el trabajo m\u00e1s importante que podemos tener: guiar y ense\u00f1ar a nuestros hijos a estar preparados para la vida.<\/p>\n<p>\u00a1\u00daNETE AL CAMBIO A LA CRIANZA EFECTIVA!<\/p>\n<p>Agenda y obt\u00e9n las herramientas clave que te ayudar\u00e1n a transformar el miedo y la inseguridad al criar, en una educaci\u00f3n asertiva.<\/p>\n<p>ESTA NUEVA PRACTICA EN LA FORMACI\u00d3N DE TUS HIJOS LLEVARA TU VIDA FAMILIAR A UNA VIDA EN ARMON\u00cdA Y AYUDARA A QUE:<\/p>\n<ul>\n<li>Tus hijos te ESCUCHEN porque CONF\u00cdAN en ti Y EN TU SISTEMA DE ENSE\u0147ANZA y no por MIEDO.<\/li>\n<li>Dejes de EXPLOTAR, gritar, rega\u00f1ar, repetir, castigar, amenazar, manipular o golpear.<\/li>\n<li>Aprendas estrategias y t\u00e9cnicas que faciliten la din\u00e1mica de tu familia y que creen ARMONIA en vez de CAOS<\/li>\n<li>Que se nutra la confianza, la conexi\u00f3n y la seguridad en tu hogar para impulsar al m\u00e1ximo una AUTOESTIMA SANA.<\/li>\n<li>Que sanes tus heridas y tus CREENCIAS LIMITANTES para que tus hijos no hereden esos patrones.<\/li>\n<li>Ser T\u00da LA L\u00cdDER DE LA FAMILIA. Una l\u00edder amorosa, asertiva, firme Y EFECTIVA.<\/li>\n<li>Que tu familia funcione como un EQUIPO en donde todos participen y todos se apoyen para prosperar.<\/li>\n<li>Guiar a tus hijos para QUE un d\u00eda crezcan a ser adolescentes y adultos responsables y conscientes<\/li>\n<\/ul>\n<p>\u201cTRANSFORMA TU PATR\u00d3N REACTIVO\u201d<\/p>\n<ul>\n<li>Reconocer\u00e1s tu linaje y los patrones heredados con los que act\u00faas ante las circunstancias y sabr\u00e1s c\u00f3mo descargar sanamente tus emociones sin da\u00f1arte m\u00e1s ni da\u00f1ar a los que m\u00e1s quieres.<\/li>\n<\/ul>\n<p>\u201cLA DISCIPLINA R\u00cdTMICA\u00ae\u201d<\/p>\n<ul>\n<li>Aprender\u00e1s c\u00f3mo establecer una disciplina fluida, f\u00e1cil, natural y efectiva. Cuando aprendas a aplicar el ritmo y la transici\u00f3n, lograr\u00e1s que tu hijo comprenda las instrucciones sin tener que batallar para ello.<\/li>\n<\/ul>\n<p>\u201cLOS 4 FUNDAMENTOS DEL YO SANO\u00ae\u201d<\/p>\n<ul>\n<li>Entrenar\u00e1s tu ojo para saber exactamente qu\u00e9 es lo que te est\u00e1 tratando de decir tu hijo con su mal comportamiento y qu\u00e9 estrategia\/t\u00e9cnica necesitas emplear. Entender\u00e1s las 4 vasijas y sabr\u00e1s c\u00f3mo nutrirlas.<\/li>\n<\/ul>\n<p>\u201cLA L\u00cdNEA DEL TIEMPO\u201d<\/p>\n<ul>\n<li>Comprender\u00e1s la ra\u00edz de los berrinches, la rebeld\u00eda, el miedo y la apat\u00eda de tu hijo. Entender\u00e1s c\u00f3mo cada etapa de desarrollo deja huella en su car\u00e1cter y ver\u00e1s que, al responder de manera asertiva a sus actitudes, lo disfuncional desaparece.<\/li>\n<\/ul>\n<p>\u201cEL MODELO DE ESTILOS Y COMPORTAMIENTOS MADRE\/PADRE E HIJO\u201d<\/p>\n<ul>\n<li>Descubrir\u00e1s los estilos parentales y los estilos de hijos para conocer a fondo a tu hijo y adaptarte correctamente ante cualquier comportamiento suyo o situaci\u00f3n<\/li>\n<\/ul>\n<p>\u201cEL C\u00d3DIGO FAMILIAR\u201d<\/p>\n<ul>\n<li>Aprender\u00e1s a tomar tu debido lugar y recobrar\u00e1s tu liderazgo dentro del Sistema Familiar. Recuerda que, donde no hay orden, no puede fluir correctamente el amor. Ese liderazgo es lo que est\u00e1n necesitando tus hijos de ti.<\/li>\n<\/ul>","protected":false},"featured_media":1748,"comment_status":"open","ping_status":"closed","template":"","meta":[],"product_cat":[26],"product_tag":[],"class_list":["post-1747","product","type-product","status-publish","has-post-thumbnail","hentry","product_cat-master-class"],"_links":{"self":[{"href":"https:\/\/kid-guru.com\/es\/wp-json\/wp\/v2\/product\/1747","targetHints":{"allow":["GET"]}}],"collection":[{"href":"https:\/\/kid-guru.com\/es\/wp-json\/wp\/v2\/product"}],"about":[{"href":"https:\/\/kid-guru.com\/es\/wp-json\/wp\/v2\/types\/product"}],"replies":[{"embeddable":true,"href":"https:\/\/kid-guru.com\/es\/wp-json\/wp\/v2\/comments?post=1747"}],"wp:featuredmedia":[{"embeddable":true,"href":"https:\/\/kid-guru.com\/es\/wp-json\/wp\/v2\/media\/1748"}],"wp:attachment":[{"href":"https:\/\/kid-guru.com\/es\/wp-json\/wp\/v2\/media?parent=1747"}],"wp:term":[{"taxonomy":"product_cat","embeddable":true,"href":"https:\/\/kid-guru.com\/es\/wp-json\/wp\/v2\/product_cat?post=1747"},{"taxonomy":"product_tag","embeddable":true,"href":"https:\/\/kid-guru.com\/es\/wp-json\/wp\/v2\/product_tag?post=1747"}],"curies":[{"name":"wp","href":"https:\/\/api.w.org\/{rel}","templated":true}]}}